{"id":1746,"date":"2026-01-08T21:52:42","date_gmt":"2026-01-08T21:52:42","guid":{"rendered":"https:\/\/guenix.digital\/?page_id=1746"},"modified":"2026-01-08T22:04:14","modified_gmt":"2026-01-08T22:04:14","slug":"merci-pour-votre-achat","status":"publish","type":"page","link":"https:\/\/guenix.digital\/fr\/thank-you-for-your-purchase\/","title":{"rendered":"Merci pour votre achat"},"content":{"rendered":"<div data-elementor-type=\"wp-page\" data-elementor-id=\"1746\" class=\"elementor elementor-1746\" data-elementor-post-type=\"page\">\n\t\t\t\t<div class=\"elementor-element elementor-element-3c80c9e e-flex e-con-boxed wpr-particle-no wpr-jarallax-no wpr-parallax-no wpr-sticky-section-no e-con e-parent\" data-id=\"3c80c9e\" data-element_type=\"container\" data-e-type=\"container\">\n\t\t\t\t\t<div class=\"e-con-inner\">\n\t\t\t\t<div class=\"elementor-element elementor-element-43a7e49 elementor-widget elementor-widget-spacer\" data-id=\"43a7e49\" data-element_type=\"widget\" data-e-type=\"widget\" data-widget_type=\"spacer.default\">\n\t\t\t\t\t\t\t<div class=\"elementor-spacer\">\n\t\t\t<div class=\"elementor-spacer-inner\"><\/div>\n\t\t<\/div>\n\t\t\t\t\t\t<\/div>\n\t\t\t\t\t<\/div>\n\t\t\t\t<\/div>\n\t\t<div class=\"elementor-element elementor-element-16a425d e-flex e-con-boxed wpr-particle-no wpr-jarallax-no wpr-parallax-no wpr-sticky-section-no e-con e-parent\" data-id=\"16a425d\" data-element_type=\"container\" data-e-type=\"container\">\n\t\t\t\t\t<div class=\"e-con-inner\">\n\t\t\t\t<div class=\"elementor-element elementor-element-8a3fcd5 elementor-widget elementor-widget-heading\" data-id=\"8a3fcd5\" data-element_type=\"widget\" data-e-type=\"widget\" data-widget_type=\"heading.default\">\n\t\t\t\t\t<h2 class=\"elementor-heading-title elementor-size-default\">Merci pour votre achat<\/h2>\t\t\t\t<\/div>\n\t\t\t\t\t<\/div>\n\t\t\t\t<\/div>\n\t\t<div class=\"elementor-element elementor-element-93a7a94 e-flex e-con-boxed wpr-particle-no wpr-jarallax-no wpr-parallax-no wpr-sticky-section-no e-con e-parent\" data-id=\"93a7a94\" data-element_type=\"container\" data-e-type=\"container\">\n\t\t\t\t\t<div class=\"e-con-inner\">\n\t\t\t\t<div class=\"elementor-element elementor-element-6a3b37b elementor-widget elementor-widget-text-editor\" data-id=\"6a3b37b\" data-element_type=\"widget\" data-e-type=\"widget\" data-widget_type=\"text-editor.default\">\n\t\t\t\t\t\t\t\t\t<p style=\"text-align: center;\">Votre paiement a \u00e9t\u00e9 trait\u00e9 avec succ\u00e8s.<br data-start=\"156\" data-end=\"159\" \/>Un e-mail de confirmation avec le lien de t\u00e9l\u00e9chargement du produit et votre facture vient d'\u00eatre envoy\u00e9 \u00e0 votre adresse e-mail.<\/p>\t\t\t\t\t\t\t\t<\/div>\n\t\t\t\t\t<\/div>\n\t\t\t\t<\/div>\n\t\t<div class=\"elementor-element elementor-element-502858a e-flex e-con-boxed wpr-particle-no wpr-jarallax-no wpr-parallax-no wpr-sticky-section-no e-con e-parent\" data-id=\"502858a\" data-element_type=\"container\" data-e-type=\"container\">\n\t\t\t\t\t<div class=\"e-con-inner\">\n\t\t\t\t<div class=\"elementor-element elementor-element-446316c elementor-widget elementor-widget-text-editor\" data-id=\"446316c\" data-element_type=\"widget\" data-e-type=\"widget\" data-widget_type=\"text-editor.default\">\n\t\t\t\t\t\t\t\t\t<p style=\"text-align: center;\">Si vous avez des questions ou si vous n'avez pas re\u00e7u votre e-mail, veuillez nous contacter \u00e0<br data-start=\"1159\" data-end=\"1162\" \/><strong data-start=\"1164\" data-end=\"1188\"><a class=\"decorated-link cursor-pointer\" rel=\"noopener\" data-start=\"1166\" data-end=\"1186\">hello@guenix.digital<\/a><\/strong><\/p>\t\t\t\t\t\t\t\t<\/div>\n\t\t\t\t\t<\/div>\n\t\t\t\t<\/div>\n\t\t\t\t<\/div>","protected":false},"excerpt":{"rendered":"<p>Thank you for your purchase Your payment has been successfully processed.A confirmation email with the link to download the product and your invoice has just been sent to your email address. If you have any questions or did not receive your email, please contact us athello@guenix.digital<\/p>","protected":false},"author":1,"featured_media":0,"parent":0,"menu_order":0,"comment_status":"closed","ping_status":"closed","template":"","meta":{"_acf_changed":false,"om_disable_all_campaigns":false,"_surecart_dashboard_logo_width":"180px","_surecart_dashboard_show_logo":true,"_surecart_dashboard_navigation_orders":true,"_surecart_dashboard_navigation_invoices":true,"_surecart_dashboard_navigation_subscriptions":true,"_surecart_dashboard_navigation_downloads":true,"_surecart_dashboard_navigation_billing":true,"_surecart_dashboard_navigation_account":true,"_uag_custom_page_level_css":"","_monsterinsights_skip_tracking":false,"_monsterinsights_sitenote_active":false,"_monsterinsights_sitenote_note":"","_monsterinsights_sitenote_category":0,"site-sidebar-layout":"no-sidebar","site-content-layout":"page-builder","ast-site-content-layout":"full-width-container","site-content-style":"default","site-sidebar-style":"default","ast-global-header-display":"","ast-banner-title-visibility":"","ast-main-header-display":"","ast-hfb-above-header-display":"","ast-hfb-below-header-display":"","ast-hfb-mobile-header-display":"","site-post-title":"disabled","ast-breadcrumbs-content":"","ast-featured-img":"disabled","footer-sml-layout":"","ast-disable-related-posts":"","theme-transparent-header-meta":"","adv-header-id-meta":"","stick-header-meta":"","header-above-stick-meta":"","header-main-stick-meta":"","header-below-stick-meta":"","astra-migrate-meta-layouts":"default","ast-page-background-enabled":"default","ast-page-background-meta":{"desktop":{"background-color":"","background-image":"","background-repeat":"repeat","background-position":"center center","background-size":"auto","background-attachment":"scroll","background-type":"","background-media":"","overlay-type":"","overlay-color":"","overlay-opacity":"","overlay-gradient":""},"tablet":{"background-color":"","background-image":"","background-repeat":"repeat","background-position":"center center","background-size":"auto","background-attachment":"scroll","background-type":"","background-media":"","overlay-type":"","overlay-color":"","overlay-opacity":"","overlay-gradient":""},"mobile":{"background-color":"","background-image":"","background-repeat":"repeat","background-position":"center center","background-size":"auto","background-attachment":"scroll","background-type":"","background-media":"","overlay-type":"","overlay-color":"","overlay-opacity":"","overlay-gradient":""}},"ast-content-background-meta":{"desktop":{"background-color":"var(--ast-global-color-5)","background-image":"","background-repeat":"repeat","background-position":"center center","background-size":"auto","background-attachment":"scroll","background-type":"","background-media":"","overlay-type":"","overlay-color":"","overlay-opacity":"","overlay-gradient":""},"tablet":{"background-color":"var(--ast-global-color-5)","background-image":"","background-repeat":"repeat","background-position":"center center","background-size":"auto","background-attachment":"scroll","background-type":"","background-media":"","overlay-type":"","overlay-color":"","overlay-opacity":"","overlay-gradient":""},"mobile":{"background-color":"var(--ast-global-color-5)","background-image":"","background-repeat":"repeat","background-position":"center center","background-size":"auto","background-attachment":"scroll","background-type":"","background-media":"","overlay-type":"","overlay-color":"","overlay-opacity":"","overlay-gradient":""}},"footnotes":""},"class_list":["post-1746","page","type-page","status-publish","hentry"],"acf":[],"aioseo_notices":[],"spectra_custom_meta":{"_elementor_edit_mode":["builder"],"_elementor_template_type":["wp-page"],"_elementor_version":["3.33.6"],"_elementor_pro_version":["3.33.2"],"_edit_lock":["1767909854:1"],"_astra_content_layout_flag":["disabled"],"ast-title-bar-display":["disabled"],"ast-featured-img":["disabled"],"site-content-layout":["page-builder"],"ast-site-content-layout":["full-width-container"],"site-sidebar-layout":["no-sidebar"],"_wp_page_template":["default"],"_elementor_data":["[{\"id\":\"3c80c9e\",\"elType\":\"container\",\"settings\":{\"flex_direction\":\"column\",\"display_condition_list\":[{\"display_condition_login_status\":\"subscriber\",\"_id\":\"a2eeab0\"}],\"hover_parallax\":[{\"layer_position_vr\":{\"unit\":\"%\",\"size\":30},\"layer_position_hr\":{\"unit\":\"%\",\"size\":40},\"_id\":\"7bd8e7c\"},{\"layer_position_vr\":{\"unit\":\"%\",\"size\":60},\"layer_position_hr\":{\"unit\":\"%\",\"size\":20},\"_id\":\"7275135\"}]},\"elements\":[{\"id\":\"43a7e49\",\"elType\":\"widget\",\"settings\":{\"display_condition_list\":[{\"display_condition_login_status\":\"subscriber\",\"_id\":\"9e7f409\"}]},\"elements\":[],\"widgetType\":\"spacer\"}],\"isInner\":false},{\"id\":\"16a425d\",\"elType\":\"container\",\"settings\":{\"display_condition_list\":[{\"display_condition_login_status\":\"subscriber\",\"_id\":\"efb03a8\"}],\"hover_parallax\":[{\"layer_position_vr\":{\"unit\":\"%\",\"size\":30},\"layer_position_hr\":{\"unit\":\"%\",\"size\":40},\"_id\":\"419feb7\"},{\"layer_position_vr\":{\"unit\":\"%\",\"size\":60},\"layer_position_hr\":{\"unit\":\"%\",\"size\":20},\"_id\":\"6574c79\"}]},\"elements\":[{\"id\":\"8a3fcd5\",\"elType\":\"widget\",\"settings\":{\"title\":\"Thank you for your purchase\",\"align\":\"center\",\"display_condition_list\":[{\"display_condition_login_status\":\"subscriber\",\"_id\":\"41f3255\"}]},\"elements\":[],\"widgetType\":\"heading\"}],\"isInner\":false},{\"id\":\"93a7a94\",\"elType\":\"container\",\"settings\":{\"flex_direction\":\"column\",\"display_condition_list\":[{\"display_condition_login_status\":\"subscriber\",\"_id\":\"e4557f8\"}],\"hover_parallax\":[{\"layer_position_vr\":{\"unit\":\"%\",\"size\":30},\"layer_position_hr\":{\"unit\":\"%\",\"size\":40},\"_id\":\"d50b2f4\"},{\"layer_position_vr\":{\"unit\":\"%\",\"size\":60},\"layer_position_hr\":{\"unit\":\"%\",\"size\":20},\"_id\":\"e062c1a\"}]},\"elements\":[{\"id\":\"6a3b37b\",\"elType\":\"widget\",\"settings\":{\"editor\":\"<p style=\\\"text-align: center;\\\">Your payment has been successfully processed.<br data-start=\\\"156\\\" data-end=\\\"159\\\" \\\/>A confirmation email with the link to download the product and your invoice has just been sent to your email address.<\\\/p>\",\"display_condition_list\":[{\"display_condition_login_status\":\"subscriber\",\"_id\":\"bdcd6f7\"}]},\"elements\":[],\"widgetType\":\"text-editor\"}],\"isInner\":false},{\"id\":\"502858a\",\"elType\":\"container\",\"settings\":{\"flex_direction\":\"column\",\"_flex_align_self\":\"flex-end\",\"_flex_order\":\"end\",\"display_condition_list\":[{\"display_condition_login_status\":\"subscriber\",\"_id\":\"ed8e023\"}],\"hover_parallax\":[{\"layer_position_vr\":{\"unit\":\"%\",\"size\":30},\"layer_position_hr\":{\"unit\":\"%\",\"size\":40},\"_id\":\"97c7565\"},{\"layer_position_vr\":{\"unit\":\"%\",\"size\":60},\"layer_position_hr\":{\"unit\":\"%\",\"size\":20},\"_id\":\"d8be774\"}]},\"elements\":[{\"id\":\"446316c\",\"elType\":\"widget\",\"settings\":{\"editor\":\"<p style=\\\"text-align: center;\\\">If you have any questions or did not receive your email, please contact us at<br data-start=\\\"1159\\\" data-end=\\\"1162\\\" \\\/><strong data-start=\\\"1164\\\" data-end=\\\"1188\\\"><a class=\\\"decorated-link cursor-pointer\\\" rel=\\\"noopener\\\" data-start=\\\"1166\\\" data-end=\\\"1186\\\">hello@guenix.digital<\\\/a><\\\/strong><\\\/p>\",\"display_condition_list\":[{\"display_condition_login_status\":\"subscriber\",\"_id\":\"212d836\"}]},\"elements\":[],\"widgetType\":\"text-editor\"}],\"isInner\":false}]"],"_elementor_page_settings":["a:1:{s:10:\"hide_title\";s:3:\"yes\";}"],"site-post-title":["disabled"],"_elementor_controls_usage":["a:4:{s:6:\"spacer\";a:3:{s:5:\"count\";i:1;s:15:\"control_percent\";i:0;s:8:\"controls\";a:1:{s:7:\"content\";a:1:{s:26:\"display_conditions_section\";a:1:{s:22:\"display_condition_list\";i:1;}}}}s:9:\"container\";a:3:{s:5:\"count\";i:4;s:15:\"control_percent\";i:1;s:8:\"controls\";a:1:{s:7:\"content\";a:2:{s:26:\"display_conditions_section\";a:1:{s:22:\"display_condition_list\";i:4;}s:20:\"wpr_section_parallax\";a:1:{s:14:\"hover_parallax\";i:4;}}}}s:7:\"heading\";a:3:{s:5:\"count\";i:1;s:15:\"control_percent\";i:1;s:8:\"controls\";a:1:{s:7:\"content\";a:2:{s:13:\"section_title\";a:1:{s:5:\"title\";i:1;}s:26:\"display_conditions_section\";a:1:{s:22:\"display_condition_list\";i:1;}}}}s:11:\"text-editor\";a:3:{s:5:\"count\";i:2;s:15:\"control_percent\";i:1;s:8:\"controls\";a:1:{s:7:\"content\";a:2:{s:14:\"section_editor\";a:1:{s:6:\"editor\";i:2;}s:26:\"display_conditions_section\";a:1:{s:22:\"display_condition_list\";i:2;}}}}}"],"_edit_last":["1"],"_uag_css_file_name":["uag-css-1746.css"],"_uag_page_assets":["a:9:{s:3:\"css\";s:263:\".uag-blocks-common-selector{z-index:var(--z-index-desktop) !important}@media (max-width: 976px){.uag-blocks-common-selector{z-index:var(--z-index-tablet) !important}}@media (max-width: 767px){.uag-blocks-common-selector{z-index:var(--z-index-mobile) !important}}\n\";s:2:\"js\";s:0:\"\";s:18:\"current_block_list\";a:7:{i:0;s:11:\"core\/search\";i:1;s:10:\"core\/group\";i:2;s:12:\"core\/heading\";i:3;s:17:\"core\/latest-posts\";i:4;s:20:\"core\/latest-comments\";i:5;s:13:\"core\/archives\";i:6;s:15:\"core\/categories\";}s:8:\"uag_flag\";b:0;s:11:\"uag_version\";s:10:\"1776382302\";s:6:\"gfonts\";a:0:{}s:10:\"gfonts_url\";s:0:\"\";s:12:\"gfonts_files\";a:0:{}s:14:\"uag_faq_layout\";b:0;}"],"_elementor_css":["a:6:{s:4:\"time\";i:1776938863;s:5:\"fonts\";a:0:{}s:5:\"icons\";a:0:{}s:20:\"dynamic_elements_ids\";a:0:{}s:6:\"status\";s:4:\"file\";i:0;s:0:\"\";}"],"_elementor_page_assets":["a:2:{s:6:\"styles\";a:2:{i:0;s:13:\"widget-spacer\";i:1;s:14:\"widget-heading\";}s:7:\"scripts\";a:1:{i:0;s:18:\"elementor-frontend\";}}"],"_elementor_element_cache":["{\"timeout\":1777111710,\"value\":{\"content\":\"<div class=\\\"elementor-element elementor-element-3c80c9e e-flex e-con-boxed wpr-particle-no wpr-jarallax-no wpr-parallax-no wpr-sticky-section-no e-con e-parent\\\" data-id=\\\"3c80c9e\\\" data-element_type=\\\"container\\\" data-e-type=\\\"container\\\">\\n\\t\\t\\t\\t\\t<div class=\\\"e-con-inner\\\">\\n\\t\\t\\t\\t<div class=\\\"elementor-element elementor-element-43a7e49 elementor-widget elementor-widget-spacer\\\" data-id=\\\"43a7e49\\\" data-element_type=\\\"widget\\\" data-e-type=\\\"widget\\\" data-widget_type=\\\"spacer.default\\\">\\n\\t\\t\\t\\t\\t\\t\\t<div class=\\\"elementor-spacer\\\">\\n\\t\\t\\t<div class=\\\"elementor-spacer-inner\\\"><\\\/div>\\n\\t\\t<\\\/div>\\n\\t\\t\\t\\t\\t\\t<\\\/div>\\n\\t\\t\\t\\t\\t<\\\/div>\\n\\t\\t\\t\\t<\\\/div>\\n\\t\\t<div class=\\\"elementor-element elementor-element-16a425d e-flex e-con-boxed wpr-particle-no wpr-jarallax-no wpr-parallax-no wpr-sticky-section-no e-con e-parent\\\" data-id=\\\"16a425d\\\" data-element_type=\\\"container\\\" data-e-type=\\\"container\\\">\\n\\t\\t\\t\\t\\t<div class=\\\"e-con-inner\\\">\\n\\t\\t\\t\\t<div class=\\\"elementor-element elementor-element-8a3fcd5 elementor-widget elementor-widget-heading\\\" data-id=\\\"8a3fcd5\\\" data-element_type=\\\"widget\\\" data-e-type=\\\"widget\\\" data-widget_type=\\\"heading.default\\\">\\n\\t\\t\\t\\t\\t<h2 class=\\\"elementor-heading-title elementor-size-default\\\">Thank you for your purchase<\\\/h2>\\t\\t\\t\\t<\\\/div>\\n\\t\\t\\t\\t\\t<\\\/div>\\n\\t\\t\\t\\t<\\\/div>\\n\\t\\t<div class=\\\"elementor-element elementor-element-93a7a94 e-flex e-con-boxed wpr-particle-no wpr-jarallax-no wpr-parallax-no wpr-sticky-section-no e-con e-parent\\\" data-id=\\\"93a7a94\\\" data-element_type=\\\"container\\\" data-e-type=\\\"container\\\">\\n\\t\\t\\t\\t\\t<div class=\\\"e-con-inner\\\">\\n\\t\\t[elementor-element k=\\\"fea82a2c8f14c12ddd617e595b81a5d2\\\" data=\\\"eyJpZCI6IjZhM2IzN2IiLCJlbFR5cGUiOiJ3aWRnZXQiLCJzZXR0aW5ncyI6eyJlZGl0b3IiOiI8cCBzdHlsZT1cInRleHQtYWxpZ246IGNlbnRlcjtcIj5Zb3VyIHBheW1lbnQgaGFzIGJlZW4gc3VjY2Vzc2Z1bGx5IHByb2Nlc3NlZC48YnIgZGF0YS1zdGFydD1cIjE1NlwiIGRhdGEtZW5kPVwiMTU5XCIgXC8+QSBjb25maXJtYXRpb24gZW1haWwgd2l0aCB0aGUgbGluayB0byBkb3dubG9hZCB0aGUgcHJvZHVjdCBhbmQgeW91ciBpbnZvaWNlIGhhcyBqdXN0IGJlZW4gc2VudCB0byB5b3VyIGVtYWlsIGFkZHJlc3MuPFwvcD4iLCJkaXNwbGF5X2NvbmRpdGlvbl9saXN0IjpbeyJkaXNwbGF5X2NvbmRpdGlvbl9sb2dpbl9zdGF0dXMiOiJzdWJzY3JpYmVyIiwiX2lkIjoiYmRjZDZmNyJ9XX0sImVsZW1lbnRzIjpbXSwid2lkZ2V0VHlwZSI6InRleHQtZWRpdG9yIn0=\\\"]\\t\\t\\t<\\\/div>\\n\\t\\t\\t\\t<\\\/div>\\n\\t\\t<div class=\\\"elementor-element elementor-element-502858a e-flex e-con-boxed wpr-particle-no wpr-jarallax-no wpr-parallax-no wpr-sticky-section-no e-con e-parent\\\" data-id=\\\"502858a\\\" data-element_type=\\\"container\\\" data-e-type=\\\"container\\\">\\n\\t\\t\\t\\t\\t<div class=\\\"e-con-inner\\\">\\n\\t\\t[elementor-element k=\\\"fea82a2c8f14c12ddd617e595b81a5d2\\\" data=\\\"eyJpZCI6IjQ0NjMxNmMiLCJlbFR5cGUiOiJ3aWRnZXQiLCJzZXR0aW5ncyI6eyJlZGl0b3IiOiI8cCBzdHlsZT1cInRleHQtYWxpZ246IGNlbnRlcjtcIj5JZiB5b3UgaGF2ZSBhbnkgcXVlc3Rpb25zIG9yIGRpZCBub3QgcmVjZWl2ZSB5b3VyIGVtYWlsLCBwbGVhc2UgY29udGFjdCB1cyBhdDxiciBkYXRhLXN0YXJ0PVwiMTE1OVwiIGRhdGEtZW5kPVwiMTE2MlwiIFwvPjxzdHJvbmcgZGF0YS1zdGFydD1cIjExNjRcIiBkYXRhLWVuZD1cIjExODhcIj48YSBjbGFzcz1cImRlY29yYXRlZC1saW5rIGN1cnNvci1wb2ludGVyXCIgcmVsPVwibm9vcGVuZXJcIiBkYXRhLXN0YXJ0PVwiMTE2NlwiIGRhdGEtZW5kPVwiMTE4NlwiPmhlbGxvQGd1ZW5peC5kaWdpdGFsPFwvYT48XC9zdHJvbmc+PFwvcD4iLCJkaXNwbGF5X2NvbmRpdGlvbl9saXN0IjpbeyJkaXNwbGF5X2NvbmRpdGlvbl9sb2dpbl9zdGF0dXMiOiJzdWJzY3JpYmVyIiwiX2lkIjoiMjEyZDgzNiJ9XX0sImVsZW1lbnRzIjpbXSwid2lkZ2V0VHlwZSI6InRleHQtZWRpdG9yIn0=\\\"]\\t\\t\\t<\\\/div>\\n\\t\\t\\t\\t<\\\/div>\\n\\t\\t\",\"scripts\":[],\"styles\":[]}}"]},"uagb_featured_image_src":{"full":false,"thumbnail":false,"medium":false,"medium_large":false,"large":false,"1536x1536":false,"2048x2048":false,"trp-custom-language-flag":false},"uagb_author_info":{"display_name":"anastasie","author_link":"https:\/\/guenix.digital\/fr\/author\/anastasie\/"},"uagb_comment_info":0,"uagb_excerpt":"Thank you for your purchase Your payment has been successfully processed.A confirmation email with the link to download the product and your invoice has just been sent to your email address. If you have any questions or did not receive your email, please contact us athello@guenix.digital","_links":{"self":[{"href":"https:\/\/guenix.digital\/fr\/wp-json\/wp\/v2\/pages\/1746","targetHints":{"allow":["GET"]}}],"collection":[{"href":"https:\/\/guenix.digital\/fr\/wp-json\/wp\/v2\/pages"}],"about":[{"href":"https:\/\/guenix.digital\/fr\/wp-json\/wp\/v2\/types\/page"}],"author":[{"embeddable":true,"href":"https:\/\/guenix.digital\/fr\/wp-json\/wp\/v2\/users\/1"}],"replies":[{"embeddable":true,"href":"https:\/\/guenix.digital\/fr\/wp-json\/wp\/v2\/comments?post=1746"}],"version-history":[{"count":11,"href":"https:\/\/guenix.digital\/fr\/wp-json\/wp\/v2\/pages\/1746\/revisions"}],"predecessor-version":[{"id":4032,"href":"https:\/\/guenix.digital\/fr\/wp-json\/wp\/v2\/pages\/1746\/revisions\/4032"}],"wp:attachment":[{"href":"https:\/\/guenix.digital\/fr\/wp-json\/wp\/v2\/media?parent=1746"}],"curies":[{"name":"wp","href":"https:\/\/api.w.org\/{rel}","templated":true}]}}